{"id":50,"date":"2018-02-21T23:50:18","date_gmt":"2018-02-21T21:50:18","guid":{"rendered":"http:\/\/www.dafita.com\/?page_id=50"},"modified":"2018-02-21T23:50:18","modified_gmt":"2018-02-21T21:50:18","slug":"referanslarimiz","status":"publish","type":"page","link":"https:\/\/www.dafita.com\/index.php\/referanslarimiz\/","title":{"rendered":"Referanslar\u0131m\u0131z"},"content":{"rendered":"<p>[vc_row rt_row_background_width=&#8221;fullwidth&#8221; rt_row_content_width=&#8221;default&#8221; rt_row_style=&#8221;alt-style-2&#8243; rt_row_borders=&#8221;&#8221; rt_row_shadows=&#8221;&#8221; rt_row_paddings=&#8221;true&#8221; rt_bg_effect=&#8221;parallax&#8221; rt_bg_parallax_effect=&#8221;1&#8243; rt_bg_image_repeat=&#8221;repeat&#8221; rt_bg_size=&#8221;cover&#8221; rt_bg_position=&#8221;center top&#8221; rt_bg_video_format=&#8221;self-hosted&#8221; rt_bg_image=&#8221;35&#8243; rt_padding_top=&#8221;190&#8243; rt_padding_bottom=&#8221;0&#8243;][vc_column width=&#8221;1\/2&#8243; rt_column_shadow=&#8221;&#8221; rt_bg_image_repeat=&#8221;repeat&#8221; rt_bg_size=&#8221;auto auto&#8221; rt_bg_attachment=&#8221;scroll&#8221;][vc_empty_space height=&#8221;90px&#8221;]<div class=\"rt_heading_wrapper style-1\">\n\t\t\t\t\t\t<h1 class=\"rt_heading  style-1\"  style=\"font-size:65px;line-height:65px;letter-spacing:2px;\"><span class=\"icon-quote-right heading_icon\"><\/span>Referanslar\u0131m\u0131z<\/h1>\n\t\t\t\t\t<\/div>[\/vc_column][vc_column width=&#8221;1\/2&#8243; rt_column_shadow=&#8221;&#8221; rt_bg_image_repeat=&#8221;repeat&#8221; rt_bg_size=&#8221;auto auto&#8221; rt_bg_attachment=&#8221;scroll&#8221;][vc_column_text][\/vc_column_text][\/vc_column][\/vc_row][vc_row rt_row_background_width=&#8221;fullwidth&#8221; rt_row_content_width=&#8221;default&#8221; rt_row_style=&#8221;default-style&#8221; rt_row_borders=&#8221;&#8221; rt_row_shadows=&#8221;&#8221; rt_row_paddings=&#8221;true&#8221; rt_bg_effect=&#8221;classic&#8221; rt_bg_image_repeat=&#8221;repeat&#8221; rt_bg_size=&#8221;cover&#8221; rt_bg_position=&#8221;right top&#8221; rt_bg_attachment=&#8221;scroll&#8221; rt_bg_video_format=&#8221;self-hosted&#8221; rt_padding_bottom=&#8221;160&#8243;][vc_column width=&#8221;1\/2&#8243; rt_column_shadow=&#8221;&#8221; rt_bg_image_repeat=&#8221;repeat&#8221; rt_bg_size=&#8221;auto auto&#8221; rt_bg_attachment=&#8221;scroll&#8221;][vc_column_text]<\/p>\n<ul>\n<li>\u0130lke Yap\u0131 Koop. Dar\u0131ca\/Kocaeli<\/li>\n<li>Okkalar \u0130n\u015faat Kurtk\u00f6y\/\u0130stanbul<\/li>\n<li>A&amp;G Grup Ofis Gebze\/Kocaeli<\/li>\n<li>Ek-G\u00fcn \u0130n\u015faat Ek\u015fio\u011flu Y\u0131ld\u0131z Evler Dar\u0131ca\/Kocaeli<\/li>\n<li>\u00d6ztan\u0131k \u0130n\u015faat \u2013 \u00d6ztan\u0131k Konaklar\u0131 Dar\u0131ca\/Kocaeli<\/li>\n<li>Balpen Yap\u0131 \/Giresun<\/li>\n<li>Prodam \u0130n\u015faat Gebze\/Kocaeli<\/li>\n<li>\u00d6zer \u0130n\u015faat Dar\u0131ca\/Kocaeli<\/li>\n<li>\u0130ltekin M\u00fchendislik Sokullu Cad. Projesi Dar\u0131ca\/Kocaeli<\/li>\n<li>\u00c7elikcan \u0130n\u015faat \u00c7elikcan 8 Projesi Dar\u0131ca\/Kocaeli<\/li>\n<li>\u00c7elikcan \u0130n\u015faat \u00c7elikcan 9 Projesi Dar\u0131ca\/Kocaeli<\/li>\n<li>Lale Bayan Kuaf\u00f6r\u00fc K\u00f6rfez\/Kocaeli<\/li>\n<li>Kevser \u0130n\u015faat Dar\u0131ca2 Projesi Dar\u0131ca\/Kocaeli<\/li>\n<li>\u00d6ztan\u0131k \u0130n\u015faat Yal\u0131 Mah. Projesi Dar\u0131ca\/Kocaeli<\/li>\n<li>K\u0131l\u0131\u00e7 \u0130n\u015faat Dar\u0131ca\/Kocaeli<\/li>\n<li>\u00d6ztan\u0131k \u0130n\u015faat Liva Konaklar\u0131 Dar\u0131ca\/Kocaeli<\/li>\n<li>Benlio\u011flu \u0130n\u015faat \u00c7ay\u0131rova\/Kocaeli<\/li>\n<li>\u00c7elikcan \u0130n\u015faat S ak\u0131z A\u011fac\u0131 Sk. Projesi Dar\u0131ca\/Kocaeli<\/li>\n<li>\u00d6ztan\u0131k \u0130n\u015faat \u2013 Safir Sitesi Dar\u0131ca\/Kocaeli<\/li>\n<li>\u00c7elikcan \u0130n\u015faat \u00c7elikcan Tepe Dar\u0131ca\/Kocaeli<\/li>\n<li>Dilhan M\u00fchendislik- Dr. Zeki Acar Cad. Projesi Dar\u0131ca\/Kocaeli<\/li>\n<li>Deka Yap\u0131-Fevzi \u00c7akmak Mah. Projesi Dar\u0131ca\/Kocaeli<\/li>\n<li>Kevser \u0130n\u015faat-Emek Mah. Kevser Sitesi Projesi Dar\u0131ca\/Kocaeli<\/li>\n<li>\u00c7etinkaya \u0130n\u015faat \u00c7\u0131nar Apt. Dar\u0131ca\/Kocaeli<\/li>\n<li>Daryap \u0130n\u015faat Demir Sitesi Dar\u0131ca\/Kocaeli<\/li>\n<li>\u00c7etinkaya \u0130n\u015faat-\u00c7etinkaya Villalar\u0131 Dar\u0131ca\/Kocaeli<\/li>\n<li>\u00d6zkurt \u0130n\u015faat Gebze\/Kocaeli<\/li>\n<li>\u00c7etinkaya \u0130n\u015faat-Osmangazi Mah. Projesi Dar\u0131ca\/Kocaeli<\/li>\n<li>Daryap \u0130n\u015faat-Bayramo\u011flu Ada Projesi Dar\u0131ca\/Kocaeli<\/li>\n<li>Deka Yap\u0131- Gebze Projesi Gebze\/Kocaeli<\/li>\n<li>Kevser \u0130n\u015faat-Kevser Sitesi Dar\u0131ca\/Kocaeli<\/li>\n<li>Dilhan M\u00fchendislik-Yal\u0131 Mah. Projesi Dar\u0131ca\/Kocaeli<\/li>\n<li>Kevser \u0130n\u015faat-Cami Mah. Projesi Dar\u0131ca\/Kocaeli<\/li>\n<li>Deka Yap\u0131- Deka Konaklar\u0131 Kurtk\u00f6y\/\u0130stanbul<\/li>\n<li>Daryap \u0130n\u015faat-Sahil Projesi Dar\u0131ca\/Kocaeli<\/li>\n<li>Kevser \u0130n\u015faat-Kevser 2 Sitesi Dar\u0131ca\/Kocaeli<\/li>\n<li>\u00c7etinkaya \u0130n\u015faat \u00c7etinkaya Sitesi Dar\u0131ca\/Kocaeli<\/li>\n<li>\u00d6zyerta\u015f \u0130n\u015faat- Bayramo\u011flu Ada Projesi Dar\u0131ca\/Kocaeli<\/li>\n<li>\u00c7etinkaya \u0130n\u015faat Tuzla Cad. Projesi Dar\u0131ca\/Kocaeli<\/li>\n<li>Hisar \u00c7elik D\u00f6k\u00fcm A.\u015e. Y\u00f6netim Binas\u0131 Tadilat\u0131 Gebze\/Kocaeli<\/li>\n<li>Ko\u00e7kayalar \u0130n\u015faat Fevzi \u00c7akmak Mah. Projesi Dar\u0131ca\/Kocaeli<\/li>\n<\/ul>\n<p>[\/vc_column_text][\/vc_column][vc_column width=&#8221;1\/2&#8243; rt_column_shadow=&#8221;&#8221; rt_bg_image_repeat=&#8221;repeat&#8221; rt_bg_size=&#8221;auto auto&#8221; rt_bg_attachment=&#8221;scroll&#8221; rt_bg_color=&#8221;&#8221; rt_bg_overlay_color=&#8221;&#8221; rt_padding_left=&#8221;30&#8243; rt_padding_right=&#8221;30&#8243; rt_margin_top=&#8221;-200&#8243;]<div  class=\"circle-slider\" data-background-images=\"https:\/\/www.dafita.com\/wp-content\/uploads\/2018\/02\/dafita-bant-750x660.jpg,https:\/\/www.dafita.com\/wp-content\/uploads\/2018\/02\/dafita-mutfak-19-720x750.jpg,https:\/\/www.dafita.com\/wp-content\/uploads\/2018\/02\/dafita-mutfak-26-750x720.jpg,https:\/\/www.dafita.com\/wp-content\/uploads\/2018\/02\/dafita-mutfak-29-720x750.jpg,https:\/\/www.dafita.com\/wp-content\/uploads\/2018\/02\/dafita-mutfak-banyo-39-750x720.jpg,https:\/\/www.dafita.com\/wp-content\/uploads\/2018\/02\/dafita-ofis-mobilya-1.jpg,https:\/\/www.dafita.com\/wp-content\/uploads\/2018\/02\/dafita-ofis-mobilya-2.jpg,https:\/\/www.dafita.com\/wp-content\/uploads\/2018\/02\/dafita-ofis-mobilya-10-750x639.jpg,https:\/\/www.dafita.com\/wp-content\/uploads\/2018\/02\/dafita-ofis-mobilya-12-750x720.jpg,https:\/\/www.dafita.com\/wp-content\/uploads\/2018\/02\/dafita-ofis-mobilya-21.jpg\">\n<div class=\"circle-one\"><\/div>\n<div class=\"circle-two\"><\/div>\n<div class=\"circle-three\"><\/div>\n<div class=\"circle-four\"><\/div>\n<\/div>\n[\/vc_column][\/vc_row]<\/p>\n","protected":false},"excerpt":{"rendered":"<p>[vc_row rt_row_background_width=&#8221;fullwidth&#8221; rt_row_content_width=&#8221;default&#8221; rt_row_style=&#8221;alt-style-2&#8243; rt_row_borders=&#8221;&#8221; rt_row_shadows=&#8221;&#8221; rt_row_paddings=&#8221;true&#8221; rt_bg_effect=&#8221;parallax&#8221; rt_bg_parallax_effect=&#8221;1&#8243; rt_bg_image_repeat=&#8221;repeat&#8221; rt_bg_size=&#8221;cover&#8221; rt_bg_position=&#8221;center top&#8221; rt_bg_video_format=&#8221;self-hosted&#8221; rt_bg_image=&#8221;35&#8243; rt_padding_top=&#8221;190&#8243; rt_padding_bottom=&#8221;0&#8243;][vc_column width=&#8221;1\/2&#8243; rt_column_shadow=&#8221;&#8221; rt_bg_image_repeat=&#8221;repeat&#8221; rt_bg_size=&#8221;auto auto&#8221; rt_bg_attachment=&#8221;scroll&#8221;][vc_empty_space height=&#8221;90px&#8221;][\/vc_column][vc_column width=&#8221;1\/2&#8243; rt_column_shadow=&#8221;&#8221; rt_bg_image_repeat=&#8221;repeat&#8221; rt_bg_size=&#8221;auto auto&#8221; rt_bg_attachment=&#8221;scroll&#8221;][vc_column_text][\/vc_column_text][\/vc_column][\/vc_row][vc_row rt_row_background_width=&#8221;fullwidth&#8221; rt_row_content_width=&#8221;default&#8221; rt_row_style=&#8221;default-style&#8221; rt_row_borders=&#8221;&#8221; rt_row_shadows=&#8221;&#8221; rt_row_paddings=&#8221;true&#8221; rt_bg_effect=&#8221;classic&#8221; rt_bg_image_repeat=&#8221;repeat&#8221; rt_bg_size=&#8221;cover&#8221; rt_bg_position=&#8221;right top&#8221; rt_bg_attachment=&#8221;scroll&#8221; rt_bg_video_format=&#8221;self-hosted&#8221; rt_padding_bottom=&#8221;160&#8243;][vc_column width=&#8221;1\/2&#8243; rt_column_shadow=&#8221;&#8221; rt_bg_image_repeat=&#8221;repeat&#8221; rt_bg_size=&#8221;auto auto&#8221; rt_bg_attachment=&#8221;scroll&#8221;][vc_column_text] \u0130lke Yap\u0131 Koop. Dar\u0131ca\/Kocaeli Okkalar &#8230; <a class=\"more-link\" href=\"https:\/\/www.dafita.com\/index.php\/referanslarimiz\/\">Continue reading<\/a><\/p>\n","protected":false},"author":1,"featured_media":0,"parent":0,"menu_order":0,"comment_status":"closed","ping_status":"closed","template":"","meta":[],"_links":{"self":[{"href":"https:\/\/www.dafita.com\/index.php\/wp-json\/wp\/v2\/pages\/50"}],"collection":[{"href":"https:\/\/www.dafita.com\/index.php\/wp-json\/wp\/v2\/pages"}],"about":[{"href":"https:\/\/www.dafita.com\/index.php\/wp-json\/wp\/v2\/types\/page"}],"author":[{"embeddable":true,"href":"https:\/\/www.dafita.com\/index.php\/wp-json\/wp\/v2\/users\/1"}],"replies":[{"embeddable":true,"href":"https:\/\/www.dafita.com\/index.php\/wp-json\/wp\/v2\/comments?post=50"}],"version-history":[{"count":1,"href":"https:\/\/www.dafita.com\/index.php\/wp-json\/wp\/v2\/pages\/50\/revisions"}],"predecessor-version":[{"id":51,"href":"https:\/\/www.dafita.com\/index.php\/wp-json\/wp\/v2\/pages\/50\/revisions\/51"}],"wp:attachment":[{"href":"https:\/\/www.dafita.com\/index.php\/wp-json\/wp\/v2\/media?parent=50"}],"curies":[{"name":"wp","href":"https:\/\/api.w.org\/{rel}","templated":true}]}}