{"id":6,"date":"2018-02-21T23:08:43","date_gmt":"2018-02-21T21:08:43","guid":{"rendered":"http:\/\/www.dafita.com\/?page_id=6"},"modified":"2018-02-23T12:57:28","modified_gmt":"2018-02-23T10:57:28","slug":"anasayfa","status":"publish","type":"page","link":"https:\/\/www.dafita.com\/","title":{"rendered":"Anasayfa"},"content":{"rendered":"<p>[vc_row rt_row_background_width=&#8221;fullwidth&#8221; rt_row_content_width=&#8221;fullwidth&#8221; rt_row_style=&#8221;default-style&#8221; rt_row_borders=&#8221;&#8221; rt_row_shadows=&#8221;&#8221; rt_row_paddings=&#8221;false&#8221; rt_bg_effect=&#8221;classic&#8221; rt_bg_image_repeat=&#8221;repeat&#8221; rt_bg_size=&#8221;cover&#8221; rt_bg_position=&#8221;right top&#8221; rt_bg_attachment=&#8221;scroll&#8221; rt_bg_video_format=&#8221;self-hosted&#8221;][vc_column rt_column_shadow=&#8221;&#8221; rt_bg_image_repeat=&#8221;repeat&#8221; rt_bg_size=&#8221;auto auto&#8221; rt_bg_attachment=&#8221;scroll&#8221;]<div id=\"content-slider-932816\" class=\"rt-carousel main-carousel carousel-holder clearfix\" data-item-width=\"1\" data-mobile-height=\"380\" data-nav=\"true\" data-dots=\"true\" data-parallax=\"false\" data-timeout=\"10000\" data-autoplay=\"true\">\n<div class=\"owl-carousel\">\n\n\t\t<div class=\"item  alt-style-2\" style=\"background-image: url(https:\/\/www.dafita.com\/wp-content\/uploads\/2018\/02\/slider1.jpg);background-repeat: no-repeat;background-size: cover;background-position: center center;min-height: 580px;\">\n\t\t\t<a href=\"#\" target=\"_self\" title=\"Dafita Mutfak ve Banyo\"><\/a>\n\t\t\t<div class=\"slide-content-wrapper default clearfix\">\n\t\t\t\t<div class=\"slide-content  right text-left\" style=\"width: 45%;margin-top: 210px;\" data-mobile-top-margin= \"80\">\t\t\t\n\t\t\t\t\t<h2 class=\"slide_heading\" style=\"font-size:52px; line-height:110%\" data-mobile-value=\"28\" data-mobile-line-height=\"150%\">Dafita Mutfak Banyo<\/h2>\n\t\t\t\t\t<span class=\"slide_sub_heading\"  style=\"font-size:22px;\"  data-mobile-value=\"20\" data-mobile-line-height=\"100%\">\u00d6zg\u00fcn Tasar\u0131mlar<\/span>\n\t\t\t\t\t<div class=\"title-line\"><\/div><div class=\"slide-text\"><p>Mutfak ve banyo \u00fcretiminde uzman olan Dafita, y\u00fcksek kaliteli \u00fcr\u00fcnleri ile birlikte m\u00fc\u015fterilerinin gereksinimlerine uygun r\u00fcya mutfa\u011f\u0131 sunmaktad\u0131r. <\/p>\n<\/div>\n\t\t\t\t\t\n\t\t\t<div class=\"button_wrapper align button-1\"><a  href=\"\/index.php\/teklif-al\/\" target=\"_self\" title=\"Teklif Al\" class=\"button_  color medium\"><span class=\"icon-line-ok\"><\/span>Teklif Al<\/a><\/div>\n\t\t\n\t\t\t\t\t\n\t\t\t<div class=\"button_wrapper align button-2\"><a  href=\"\" target=\"_self\" title=\"Online Katalog\" class=\"button_  color medium\"><span class=\"icon-book-open\"><\/span>Online Katalog<\/a><\/div>\n\t\t\n\t\t\t\t<\/div>\n\t\t\t<\/div>\n\t\t<\/div>\n\t\t<div class=\"item  alt-style-2\" style=\"background-image: url(https:\/\/www.dafita.com\/wp-content\/uploads\/2018\/02\/slider2.jpg);background-repeat: no-repeat;background-size: cover;background-position: center center;min-height: 580px;\">\n\t\t\t<a href=\"#\" target=\"_self\" title=\"Dafita Mutfak ve Banyo\"><\/a>\n\t\t\t<div class=\"slide-content-wrapper default clearfix\">\n\t\t\t\t<div class=\"slide-content  right text-left\" style=\"width: 45%;margin-top: 210px;\" data-mobile-top-margin= \"80\">\t\t\t\n\t\t\t\t\t<h2 class=\"slide_heading\" style=\"font-size:52px; line-height:110%\" data-mobile-value=\"28\" data-mobile-line-height=\"150%\">Dafita Mutfak Banyo<\/h2>\n\t\t\t\t\t<span class=\"slide_sub_heading\"  style=\"font-size:22px;\"  data-mobile-value=\"20\" data-mobile-line-height=\"100%\">\u00d6zg\u00fcn Tasar\u0131mlar<\/span>\n\t\t\t\t\t<div class=\"title-line\"><\/div><div class=\"slide-text\"><p>Mutfak ve banyo \u00fcretiminde uzman olan Dafita, y\u00fcksek kaliteli \u00fcr\u00fcnleri ile birlikte m\u00fc\u015fterilerinin gereksinimlerine uygun r\u00fcya mutfa\u011f\u0131 sunmaktad\u0131r. <\/p>\n<\/div>\n\t\t\t\t\t\n\t\t\t<div class=\"button_wrapper align button-1\"><a  href=\"\/index.php\/teklif-al\/\" target=\"_self\" title=\"Teklif Al\" class=\"button_  color medium\"><span class=\"icon-line-ok\"><\/span>Teklif Al<\/a><\/div>\n\t\t\n\t\t\t\t\t\n\t\t\t<div class=\"button_wrapper align button-2\"><a  href=\"\" target=\"_self\" title=\"Online Katalog\" class=\"button_  color medium\"><span class=\"icon-book-open\"><\/span>Online Katalog<\/a><\/div>\n\t\t\n\t\t\t\t<\/div>\n\t\t\t<\/div>\n\t\t<\/div>\n\t\t<div class=\"item  alt-style-2\" style=\"background-image: url(https:\/\/www.dafita.com\/wp-content\/uploads\/2018\/02\/slider3.jpg);background-repeat: no-repeat;background-size: cover;background-position: center center;min-height: 580px;\">\n\t\t\t<a href=\"#\" target=\"_self\" title=\"Dafita Mutfak ve Banyo\"><\/a>\n\t\t\t<div class=\"slide-content-wrapper default clearfix\">\n\t\t\t\t<div class=\"slide-content  right text-left\" style=\"width: 45%;margin-top: 210px;\" data-mobile-top-margin= \"80\">\t\t\t\n\t\t\t\t\t<h2 class=\"slide_heading\" style=\"font-size:52px; line-height:110%\" data-mobile-value=\"28\" data-mobile-line-height=\"150%\">Dafita Mutfak Banyo<\/h2>\n\t\t\t\t\t<span class=\"slide_sub_heading\"  style=\"font-size:22px;\"  data-mobile-value=\"20\" data-mobile-line-height=\"100%\">\u00d6zg\u00fcn Tasar\u0131mlar<\/span>\n\t\t\t\t\t<div class=\"title-line\"><\/div><div class=\"slide-text\"><p>Mutfak ve banyo \u00fcretiminde uzman olan Dafita, y\u00fcksek kaliteli \u00fcr\u00fcnleri ile birlikte m\u00fc\u015fterilerinin gereksinimlerine uygun r\u00fcya mutfa\u011f\u0131 sunmaktad\u0131r. <\/p>\n<\/div>\n\t\t\t\t\t\n\t\t\t<div class=\"button_wrapper align button-1\"><a  href=\"\/index.php\/teklif-al\/\" target=\"_self\" title=\"Teklif Al\" class=\"button_  color medium\"><span class=\"icon-line-ok\"><\/span>Teklif Al<\/a><\/div>\n\t\t\n\t\t\t\t\t\n\t\t\t<div class=\"button_wrapper align button-2\"><a  href=\"\" target=\"_self\" title=\"Online Katalog\" class=\"button_  color medium\"><span class=\"icon-book-open\"><\/span>Online Katalog<\/a><\/div>\n\t\t\n\t\t\t\t<\/div>\n\t\t\t<\/div>\n\t\t<\/div>\n\t\t<div class=\"item  alt-style-2\" style=\"background-image: url(https:\/\/www.dafita.com\/wp-content\/uploads\/2018\/02\/slider4.jpg);background-repeat: no-repeat;background-size: cover;background-position: center center;min-height: 580px;\">\n\t\t\t<a href=\"#\" target=\"_self\" title=\"Dafita Mutfak ve Banyo\"><\/a>\n\t\t\t<div class=\"slide-content-wrapper default clearfix\">\n\t\t\t\t<div class=\"slide-content  right text-left\" style=\"width: 45%;margin-top: 210px;\" data-mobile-top-margin= \"80\">\t\t\t\n\t\t\t\t\t<h2 class=\"slide_heading\" style=\"font-size:52px; line-height:110%\" data-mobile-value=\"28\" data-mobile-line-height=\"150%\">Dafita Mutfak Banyo<\/h2>\n\t\t\t\t\t<span class=\"slide_sub_heading\"  style=\"font-size:22px;\"  data-mobile-value=\"20\" data-mobile-line-height=\"100%\">\u00d6zg\u00fcn Tasar\u0131mlar<\/span>\n\t\t\t\t\t<div class=\"title-line\"><\/div><div class=\"slide-text\"><p>Mutfak ve banyo \u00fcretiminde uzman olan Dafita, y\u00fcksek kaliteli \u00fcr\u00fcnleri ile birlikte m\u00fc\u015fterilerinin gereksinimlerine uygun r\u00fcya mutfa\u011f\u0131 sunmaktad\u0131r. <\/p>\n<\/div>\n\t\t\t\t\t\n\t\t\t<div class=\"button_wrapper align button-1\"><a  href=\"\/index.php\/teklif-al\/\" target=\"_self\" title=\"Teklif Al\" class=\"button_  color medium\"><span class=\"icon-line-ok\"><\/span>Teklif Al<\/a><\/div>\n\t\t\n\t\t\t\t\t\n\t\t\t<div class=\"button_wrapper align button-2\"><a  href=\"\" target=\"_self\" title=\"Online Katalog\" class=\"button_  color medium\"><span class=\"icon-book-open\"><\/span>Online Katalog<\/a><\/div>\n\t\t\n\t\t\t\t<\/div>\n\t\t\t<\/div>\n\t\t<\/div>\n\t\t<div class=\"item  alt-style-2\" style=\"background-image: url(https:\/\/www.dafita.com\/wp-content\/uploads\/2018\/02\/slider5.jpg);background-repeat: no-repeat;background-size: cover;background-position: center center;min-height: 580px;\">\n\t\t\t<a href=\"#\" target=\"_self\" title=\"Dafita Mutfak ve Banyo\"><\/a>\n\t\t\t<div class=\"slide-content-wrapper default clearfix\">\n\t\t\t\t<div class=\"slide-content  right text-left\" style=\"width: 45%;margin-top: 210px;\" data-mobile-top-margin= \"80\">\t\t\t\n\t\t\t\t\t<h2 class=\"slide_heading\" style=\"font-size:52px; line-height:110%\" data-mobile-value=\"28\" data-mobile-line-height=\"150%\">Dafita Mutfak Banyo<\/h2>\n\t\t\t\t\t<span class=\"slide_sub_heading\"  style=\"font-size:22px;\"  data-mobile-value=\"20\" data-mobile-line-height=\"100%\">\u00d6zg\u00fcn Tasar\u0131mlar<\/span>\n\t\t\t\t\t<div class=\"title-line\"><\/div><div class=\"slide-text\"><p>Mutfak ve banyo \u00fcretiminde uzman olan Dafita, y\u00fcksek kaliteli \u00fcr\u00fcnleri ile birlikte m\u00fc\u015fterilerinin gereksinimlerine uygun r\u00fcya mutfa\u011f\u0131 sunmaktad\u0131r. <\/p>\n<\/div>\n\t\t\t\t\t\n\t\t\t<div class=\"button_wrapper align button-1\"><a  href=\"\/index.php\/teklif-al\/\" target=\"_self\" title=\"Teklif Al\" class=\"button_  color medium\"><span class=\"icon-line-ok\"><\/span>Teklif Al<\/a><\/div>\n\t\t\n\t\t\t\t\t\n\t\t\t<div class=\"button_wrapper align button-2\"><a  href=\"\" target=\"_self\" title=\"Online Katalog\" class=\"button_  color medium\"><span class=\"icon-book-open\"><\/span>Online Katalog<\/a><\/div>\n\t\t\n\t\t\t\t<\/div>\n\t\t\t<\/div>\n\t\t<\/div>\n\t\t<div class=\"item  alt-style-2\" style=\"background-image: url(https:\/\/www.dafita.com\/wp-content\/uploads\/2018\/02\/slider6.jpg);background-repeat: no-repeat;background-size: cover;background-position: center center;min-height: 580px;\">\n\t\t\t<a href=\"#\" target=\"_self\" title=\"Dafita Mutfak ve Banyo\"><\/a>\n\t\t\t<div class=\"slide-content-wrapper default clearfix\">\n\t\t\t\t<div class=\"slide-content  right text-left\" style=\"width: 45%;margin-top: 210px;\" data-mobile-top-margin= \"80\">\t\t\t\n\t\t\t\t\t<h2 class=\"slide_heading\" style=\"font-size:52px; line-height:110%\" data-mobile-value=\"28\" data-mobile-line-height=\"150%\">Dafita Mutfak Banyo<\/h2>\n\t\t\t\t\t<span class=\"slide_sub_heading\"  style=\"font-size:22px;\"  data-mobile-value=\"20\" data-mobile-line-height=\"100%\">\u00d6zg\u00fcn Tasar\u0131mlar<\/span>\n\t\t\t\t\t<div class=\"title-line\"><\/div><div class=\"slide-text\"><p>Mutfak ve banyo \u00fcretiminde uzman olan Dafita, y\u00fcksek kaliteli \u00fcr\u00fcnleri ile birlikte m\u00fc\u015fterilerinin gereksinimlerine uygun r\u00fcya mutfa\u011f\u0131 sunmaktad\u0131r. <\/p>\n<\/div>\n\t\t\t\t\t\n\t\t\t<div class=\"button_wrapper align button-1\"><a  href=\"\/index.php\/teklif-al\/\" target=\"_self\" title=\"Teklif Al\" class=\"button_  color medium\"><span class=\"icon-line-ok\"><\/span>Teklif Al<\/a><\/div>\n\t\t\n\t\t\t\t\t\n\t\t\t<div class=\"button_wrapper align button-2\"><a  href=\"\" target=\"_self\" title=\"Online Katalog\" class=\"button_  color medium\"><span class=\"icon-book-open\"><\/span>Online Katalog<\/a><\/div>\n\t\t\n\t\t\t\t<\/div>\n\t\t\t<\/div>\n\t\t<\/div><\/div>\n\n\t\t\t\t<div id=\"content-slider-932816-dots\" class=\"dots-holder\">\n\t\t\t\t<\/div>\n\t\t\t\n<\/div>\n[\/vc_column][\/vc_row][vc_row rt_row_background_width=&#8221;fullwidth&#8221; rt_row_content_width=&#8221;default&#8221; rt_row_style=&#8221;default-style&#8221; rt_row_borders=&#8221;&#8221; rt_row_shadows=&#8221;&#8221; rt_row_paddings=&#8221;true&#8221; rt_bg_effect=&#8221;parallax&#8221; rt_bg_parallax_effect=&#8221;1&#8243; rt_bg_image_repeat=&#8221;repeat&#8221; rt_bg_size=&#8221;auto auto&#8221; rt_bg_position=&#8221;right top&#8221; rt_bg_video_format=&#8221;self-hosted&#8221; rt_row_width=&#8221;default&#8221; rt_row_placement=&#8221;true&#8221; rt_grid=&#8221;&#8221; rt_padding_top=&#8221;60&#8243; rt_padding_bottom=&#8221;60&#8243;][vc_column width=&#8221;1\/4&#8243; rt_column_shadow=&#8221;&#8221; rt_bg_image_repeat=&#8221;repeat&#8221; rt_bg_size=&#8221;auto auto&#8221; rt_bg_attachment=&#8221;scroll&#8221;]<div class=\"rt_heading_wrapper style-1\">\n\t\t\t\t\t\t<h4 class=\"rt_heading  with_punchline style-1\" ><span class=\"punchline\">01<\/span>Banyo Dolaplar\u0131<\/h4>\n\t\t\t\t\t<\/div>[vc_column_text]Dafita Mutfak Banyo, sizlere \u00e7ok \u00e7e\u015fitli renk ve desende mutfak mod\u00fclleri ile mutfa\u011f\u0131n\u0131z\u0131 kurma olana\u011f\u0131 vermektedir. Mod\u00fcllerin \u00f6l\u00e7\u00fclerindeki \u00e7e\u015fitlilik sayesinde her mutfa\u011fa uygun bir \u00e7\u00f6z\u00fcm mutlaka vard\u0131r.&nbsp;\u00dcst d\u00fczey kalite ile esteti\u011fi bir arada hissedece\u011finiz Dafita Banyo Modelleri; ister modern kapak ister klasik kapak tarz\u0131, zengin renk se\u00e7enekleri ve fonksiyonel &#8230;[\/vc_column_text][vc_empty_space height=&#8221;5px&#8221;]<div class=\"button_wrapper align \"><a  href=\"\/index.php\/banyo-dolaplari\/\" target=\"_self\" title=\"Banyo Dolaplar\u0131\" class=\"button_ class name light small\"><span class=\"icon-new-link-1\"><\/span>Devam\u0131<\/a><\/div>[\/vc_column][vc_column width=&#8221;1\/4&#8243; rt_column_shadow=&#8221;&#8221; rt_bg_image_repeat=&#8221;repeat&#8221; rt_bg_size=&#8221;auto auto&#8221; rt_bg_attachment=&#8221;scroll&#8221;]<div class=\"rt_heading_wrapper style-1\">\n\t\t\t\t\t\t<h4 class=\"rt_heading  with_punchline style-1\" ><span class=\"punchline\">02<\/span>Mutfak Dolaplar\u0131<\/h4>\n\t\t\t\t\t<\/div>[vc_column_text]Mutfak her evin kalbidir, hem keyifle yemek yapt\u0131\u011f\u0131m\u0131z hem de ailemizle bir araya gelip yemek yedi\u011fimiz, sohbet etti\u011fimiz evimizin en s\u0131cak mekan\u0131d\u0131r. Kullan\u0131lan donan\u0131m ve malzemelerle ki\u015finin hayat kalitesini yans\u0131tmal\u0131d\u0131r. Son teknoloji makineler, kusursuz i\u015f\u00e7ilik ve deneyimli kadrosuyla Dafita Mutfak\u2019ta; ergonomisi, fonksiyonelli\u011fi ve y\u00fcksek kalitesiyle evinizde sadece size \u00f6zel bir mekan yaratabilirsiniz.[\/vc_column_text][vc_empty_space height=&#8221;5px&#8221;]<div class=\"button_wrapper align \"><a  href=\"\/index.php\/mutfak-dolaplari\/\" target=\"_self\" title=\"Mutfak Dolaplar\u0131\" class=\"button_ class name light small\"><span class=\"icon-new-link-1\"><\/span>Devam\u0131<\/a><\/div>[\/vc_column][vc_column width=&#8221;1\/4&#8243; rt_column_shadow=&#8221;&#8221; rt_bg_image_repeat=&#8221;repeat&#8221; rt_bg_size=&#8221;auto auto&#8221; rt_bg_attachment=&#8221;scroll&#8221;]<div class=\"rt_heading_wrapper style-1\">\n\t\t\t\t\t\t<h4 class=\"rt_heading  with_punchline style-1\" ><span class=\"punchline\">03<\/span>Ofis Mobilyalar\u0131<\/h4>\n\t\t\t\t\t<\/div>[vc_column_text]Dafita; tecr\u00fcbemizle her zaman m\u00fc\u015fteri memnuniyetini \u00f6nde tutarak estetik ve kaliteli \u00fcr\u00fcnler sunmay\u0131 ama\u00e7 edinen firmam\u0131z, Ofis Mobilyalar\u0131 ile ilgili g\u00fcn\u00fcm\u00fcz tasar\u0131mlar\u0131n\u0131 dikkate alarak \u00fcretmi\u015f oldu\u011fumuz \u00fcr\u00fcnlerin kalitesini m\u00fc\u015fteri memnuniyetinde g\u00f6zetip, uygun fiyat iddam\u0131z\u0131 sizlere her g\u00fcn yeniden inand\u0131rmakt\u0131r.[\/vc_column_text][vc_empty_space height=&#8221;5px&#8221;]<div class=\"button_wrapper align \"><a  href=\"\/index.php\/ofis-mobilyalari\/\" target=\"_self\" title=\"Ofis Mobilyalar\u0131\" class=\"button_ class name light small\"><span class=\"icon-new-link-1\"><\/span>Devam\u0131<\/a><\/div>[\/vc_column][vc_column width=&#8221;1\/4&#8243; rt_column_shadow=&#8221;&#8221; rt_bg_image_repeat=&#8221;repeat&#8221; rt_bg_size=&#8221;auto auto&#8221; rt_bg_attachment=&#8221;scroll&#8221;]<div class=\"rt_heading_wrapper style-1\">\n\t\t\t\t\t\t<h4 class=\"rt_heading  with_punchline style-1\" ><span class=\"punchline\">04<\/span>Ray Dolap Sistemleri<\/h4>\n\t\t\t\t\t<\/div>[vc_column_text]Ray dolap g\u00fcn\u00fcm\u00fczde s\u0131k\u00e7a tercih edilen dolap modelleri aras\u0131nda ilk s\u0131ray\u0131 almaktad\u0131r. \u0130stabul, Kocaeli ray dolap ihtiya\u00e7lar\u0131 i\u00e7in il genelinde verdi\u011fimiz hizmetlerle bu temel ihtiya\u00e7 i\u00e7in profesyonel \u00e7\u00f6z\u00fcmler \u00fcretiyoruz. Yer tasarrufu ad\u0131na b\u00fcy\u00fck yarar\u0131 olan bu dolaplar g\u00f6r\u00fcn\u00fc\u015fleri itibar\u0131yla da son derece g\u00f6steri\u015fli olan modellerdir. [\/vc_column_text][vc_empty_space height=&#8221;5px&#8221;]<div class=\"button_wrapper align \"><a  href=\"\/index.php\/ray-dolap-sistemleri\/\" target=\"_self\" title=\"Ray Dolap Sistemleri\" class=\"button_ class name light small\"><span class=\"icon-new-link-1\"><\/span>Devam\u0131<\/a><\/div>[\/vc_column][\/vc_row]<\/p>\n","protected":false},"excerpt":{"rendered":"<p>[vc_row rt_row_background_width=&#8221;fullwidth&#8221; rt_row_content_width=&#8221;fullwidth&#8221; rt_row_style=&#8221;default-style&#8221; rt_row_borders=&#8221;&#8221; rt_row_shadows=&#8221;&#8221; rt_row_paddings=&#8221;false&#8221; rt_bg_effect=&#8221;classic&#8221; rt_bg_image_repeat=&#8221;repeat&#8221; rt_bg_size=&#8221;cover&#8221; rt_bg_position=&#8221;right top&#8221; rt_bg_attachment=&#8221;scroll&#8221; rt_bg_video_format=&#8221;self-hosted&#8221;][vc_column rt_column_shadow=&#8221;&#8221; rt_bg_image_repeat=&#8221;repeat&#8221; rt_bg_size=&#8221;auto auto&#8221; rt_bg_attachment=&#8221;scroll&#8221;][\/vc_column][\/vc_row][vc_row rt_row_background_width=&#8221;fullwidth&#8221; rt_row_content_width=&#8221;default&#8221; rt_row_style=&#8221;default-style&#8221; rt_row_borders=&#8221;&#8221; rt_row_shadows=&#8221;&#8221; rt_row_paddings=&#8221;true&#8221; rt_bg_effect=&#8221;parallax&#8221; rt_bg_parallax_effect=&#8221;1&#8243; rt_bg_image_repeat=&#8221;repeat&#8221; rt_bg_size=&#8221;auto auto&#8221; rt_bg_position=&#8221;right top&#8221; rt_bg_video_format=&#8221;self-hosted&#8221; rt_row_width=&#8221;default&#8221; rt_row_placement=&#8221;true&#8221; rt_grid=&#8221;&#8221; rt_padding_top=&#8221;60&#8243; rt_padding_bottom=&#8221;60&#8243;][vc_column width=&#8221;1\/4&#8243; rt_column_shadow=&#8221;&#8221; rt_bg_image_repeat=&#8221;repeat&#8221; rt_bg_size=&#8221;auto auto&#8221; rt_bg_attachment=&#8221;scroll&#8221;][vc_column_text]Dafita Mutfak Banyo, sizlere \u00e7ok \u00e7e\u015fitli renk ve desende mutfak mod\u00fclleri ile &#8230; <a class=\"more-link\" href=\"https:\/\/www.dafita.com\/\">Continue reading<\/a><\/p>\n","protected":false},"author":1,"featured_media":0,"parent":0,"menu_order":0,"comment_status":"closed","ping_status":"closed","template":"","meta":[],"_links":{"self":[{"href":"https:\/\/www.dafita.com\/index.php\/wp-json\/wp\/v2\/pages\/6"}],"collection":[{"href":"https:\/\/www.dafita.com\/index.php\/wp-json\/wp\/v2\/pages"}],"about":[{"href":"https:\/\/www.dafita.com\/index.php\/wp-json\/wp\/v2\/types\/page"}],"author":[{"embeddable":true,"href":"https:\/\/www.dafita.com\/index.php\/wp-json\/wp\/v2\/users\/1"}],"replies":[{"embeddable":true,"href":"https:\/\/www.dafita.com\/index.php\/wp-json\/wp\/v2\/comments?post=6"}],"version-history":[{"count":13,"href":"https:\/\/www.dafita.com\/index.php\/wp-json\/wp\/v2\/pages\/6\/revisions"}],"predecessor-version":[{"id":486,"href":"https:\/\/www.dafita.com\/index.php\/wp-json\/wp\/v2\/pages\/6\/revisions\/486"}],"wp:attachment":[{"href":"https:\/\/www.dafita.com\/index.php\/wp-json\/wp\/v2\/media?parent=6"}],"curies":[{"name":"wp","href":"https:\/\/api.w.org\/{rel}","templated":true}]}}